{"id":3,"date":"2020-06-28T09:59:53","date_gmt":"2020-06-28T07:59:53","guid":{"rendered":"https:\/\/maskeninlay.de\/?page_id=3"},"modified":"2020-09-22T12:44:03","modified_gmt":"2020-09-22T10:44:03","slug":"datenschutzerklaerung","status":"publish","type":"page","link":"https:\/\/maskeninlay.de\/?page_id=3","title":{"rendered":"Allgemeine Gesch\u00e4ftsbedingungen (AGB)"},"content":{"rendered":"\r\n<h2>Allgemeine Gesch\u00e4ftsbedingungen (AGB)<\/h2>\r\n<p><b>Allgemeine Gesch\u00e4ftsbedingungen<\/b><\/p>\r\n<ul>\r\n<li><b>Geltungsbereich<br \/><\/b>F\u00fcr alle Lieferungen von Silany GmbH (nachfolgend Silany) an Verbraucher gelten diese Allgemeinen Gesch\u00e4ftsbedingungen (AGB).<br \/>Verbraucher ist jede nat\u00fcrliche Person, die ein Rechtsgesch\u00e4ft zu einem Zwecke abschlie\u00dft, der \u00fcberwiegend weder ihrer gewerblichen noch ihrer selbstst\u00e4ndigen beruflichen T\u00e4tigkeit zugerechnet werden kann.<\/li>\r\n<li><b>Vertragspartner<br \/><\/b>Der Kaufvertrag kommt zustande mit Silany GmbH, Breslauer Strasse 2, 85386 Eching, Handelsregister: Amtsgericht M\u00fcnchen, HRB 253978.<\/li>\r\n<li><b>Vertragsschluss<\/b><span class=\"Apple-converted-space\">\u00a0<\/span>\r\n<ul>\r\n<li>Die Darstellung der Produkte im Online-Shop stellt kein rechtlich bindendes Angebot, sondern nur eine Aufforderung zur Bestellung dar.<span class=\"Apple-converted-space\">\u00a0<\/span><\/li>\r\n<li>Durch Anklicken des Buttons [Kaufen\/kostenpflichtig bestellen] geben Sie eine verbindliche Bestellung der auf der Bestellseite aufgelisteten Waren ab. Ihr Kaufvertrag kommt zustande, wenn wir Ihre Bestellung durch eine Auftragsbest\u00e4tigung per E-Mail unmittelbar nach dem Erhalt Ihrer Bestellung annehmen.<\/li>\r\n<\/ul>\r\n<\/li>\r\n<li><b>Widerrufsrecht<\/b><span class=\"Apple-converted-space\">\u00a0<\/span>\r\n<ul>\r\n<li>Wenn Sie Verbraucher sind (also eine nat\u00fcrliche Person, die die Bestellung zu einem Zweck abgibt, der weder Ihrer gewerblichen oder selbst\u00e4ndigen beruflichen T\u00e4tigkeit zugerechnet werden kann), steht Ihnen nach Ma\u00dfgabe der gesetzlichen Bestimmungen ein Widerrufsrecht zu.<\/li>\r\n<li>Machen Sie als Verbraucher von Ihrem Widerrufsrecht nach Ziffer 4.1 Gebrauch, so haben Sie die regelm\u00e4\u00dfigen Kosten der R\u00fccksendung zu tragen.<\/li>\r\n<li>Im \u00dcbrigen gelten f\u00fcr das Widerrufsrecht die Regelungen, die im Einzelnen wiedergegeben sind in der folgenden<br \/><br \/><b>Widerrufsbelehrung\u00b9<br \/><br \/>Widerrufsrecht<br \/><br \/><\/b>Sie haben das Recht, binnen vierzehn Tagen ohne Angabe von Gr\u00fcnden diesen Vertrag zu widerrufen.<br \/><br \/>Die Widerrufsfrist betr\u00e4gt vierzehn Tage ab dem Tag an dem Sie oder ein von Ihnen benannter Dritter, der nicht der Bef\u00f6rderer ist, die Waren in Besitz genommen haben bzw. hat.<br \/><br \/>Um Ihr Widerrufsrecht auszu\u00fcben, m\u00fcssen Sie uns [Name des Unternehmers, Anschrift und, soweit verf\u00fcgbar Telefonnummer, Telefaxnummer und E-Mail Adresse eintragen] mittels einer eindeutigen Erkl\u00e4rung (zB ein mit der Post versandter Brief, Telefax oder E-Mail) \u00fcber Ihren Entschluss, diesen Vertrag zu widerrufen, informieren. Sie k\u00f6nnen daf\u00fcr das beigef\u00fcgte Muster-Widerrufsformular verwenden, das jedoch nicht vorgeschrieben ist. Sie k\u00f6nnen das Muster- Widerrufsformular oder eine andere eindeutige Erkl\u00e4rung auch auf unserer Webseite (Internet-Adresse einf\u00fcgen) elektronisch ausf\u00fcllen und \u00fcbermitteln. Machen Sie von dieser M\u00f6glichkeit Gebrauch, so werden wir Ihnen unverz\u00fcglich (zB per E-Mail) eine Best\u00e4tigung \u00fcber den Eingang eines solchen Widerrufs \u00fcbermitteln.<br \/><br \/>Zur Wahrung der Widerrufsfrist reicht es aus, dass Sie die Mitteilung \u00fcber die Aus\u00fcbung des Widerrufsrechts vor Ablauf der Widerrufsfrist absenden.<br \/><br \/>Folgen des Widerrufs<br \/><br \/>Wenn Sie diesen Vertrag widerrufen, haben wir Ihnen alle Zahlungen, die wir von Ihnen erhalten haben, einschlie\u00dflich der Lieferkosten (mit Ausnahme der zus\u00e4tzlichen Kosten, die sich daraus ergeben, dass Sie eine andere Art der Lieferung als die von uns angebotene, g\u00fcnstigste Standardlieferung gew\u00e4hlt haben), unverz\u00fcglich und sp\u00e4testens binnen vierzehn Tagen ab dem Tag zur\u00fcckzuzahlen, an dem die Mitteilung \u00fcber Ihren Widerruf dieses Vertrags bei uns eingegangen ist. F\u00fcr diese R\u00fcckzahlung verwenden wir dasselbe Zahlungsmittel, das Sie bei der urspr\u00fcnglichen Transaktion eingesetzt haben, es sei denn, mit Ihnen wurde ausdr\u00fccklich etwas anderes vereinbart; in keinem Fall werden Ihnen wegen dieser R\u00fcckzahlung Entgelte berechnet. Wir k\u00f6nnen die R\u00fcckzahlung verweigern, bis wir die Waren wieder zur\u00fcckerhalten haben oder bis Sie den Nachweis erbracht haben, dass Sie die Waren zur\u00fcckgesandt haben, je nachdem, welches der fr\u00fchere Zeitpunkt ist.<br \/><br \/>Sie haben die Waren unverz\u00fcglich und in jedem Fall sp\u00e4testens binnen vierzehn Tagen ab dem Tag, an dem Sie uns \u00fcber den Widerruf dieses Vertrages unterrichten, an uns oder an (hier sind gegebenenfalls der Name und die Anschrift der von Ihnen zur Entgegennahme der Ware erm\u00e4chtigten Person einzuf\u00fcgen) zur\u00fcckzusenden oder zu \u00fcbergeben. Die Frist ist gewahrt, wenn Sie die Waren vor Ablauf der Frist von vierzehn Tagen absenden.<br \/><br \/>Sie tragen die unmittelbaren Kosten der R\u00fccksendung der Waren.<br \/><br \/>Sie m\u00fcssen f\u00fcr einen etwaigen Wertverlust der Waren nur aufkommen, wenn dieser Wertverlust auf einen zur Pr\u00fcfung der Beschaffenheit, Eigenschaften und Funktionsweise der Waren nicht notwendigen Umgang mit ihnen zur\u00fcckzuf\u00fchren ist.<br \/><br \/><b>&#8211; Ende der Widerrufsbelehrung &#8211;<br \/><br \/><\/b>(<b>\u00b9<\/b> Diese Widerrufsbelehrung gilt nicht f\u00fcr die getrennte Lieferung von Waren.)<\/li>\r\n<\/ul>\r\n<\/li>\r\n<li><b>Preise und Versandkosten<\/b><span class=\"Apple-converted-space\">\u00a0<\/span>\r\n<ul>\r\n<li>Die auf den Produktseiten genannten Preise enthalten die gesetzliche Mehrwertsteuer und sonstige Preisbestandteile.<span class=\"Apple-converted-space\">\u00a0<\/span><\/li>\r\n<li>Zus\u00e4tzlich zu den angegebenen Preisen berechnen wir f\u00fcr die Lieferung innerhalb Deutschlands, \u00d6sterreich und der Schweiz Versandkosten pro Bestellung. Diese richten sich nach den jeweils bestellten Produkten. Die Versandkosten werden Ihnen auf den Produktseiten, im Warenkorbsystem und auf der Bestellseite nochmals deutlich mitgeteilt.<span class=\"Apple-converted-space\">\u00a0<\/span><\/li>\r\n<\/ul>\r\n<\/li>\r\n<li><b>Lieferung<\/b><span class=\"Apple-converted-space\">\u00a0<\/span>\r\n<ul>\r\n<li>Die Lieferung erfolgt ausschlie\u00dflich in die L\u00e4nder Deutschland, \u00d6sterreich und Schweiz<\/li>\r\n<li>Die Lieferzeit betr\u00e4gt bis zu 5 Tage. Auf eventuell abweichende Lieferzeiten weisen wir auf der jeweiligen Produktseite hin.<\/li>\r\n<\/ul>\r\n<\/li>\r\n<li><b>Zahlung<span class=\"Apple-converted-space\">\u00a0<\/span><\/b>\r\n<ul>\r\n<li>Die Zahlung erfolgt wahlweise per PayPal oder Kreditkarte.<\/li>\r\n<\/ul>\r\n<\/li>\r\n<li><b>Eigentumsvorbehalt<\/b><span class=\"Apple-converted-space\">\u00a0<\/span>\r\n<ul>\r\n<li>Bis zur vollst\u00e4ndigen Zahlung bleibt die Ware unser Eigentum.<\/li>\r\n<\/ul>\r\n<\/li>\r\n<li><b>Streitbeilegung<\/b><span class=\"Apple-converted-space\">\u00a0<\/span>\r\n<ul>\r\n<li><br \/>Die EU-Kommission hat eine Internetplattform zur Online-Beilegung von Streitigkeiten geschaffen. Die Plattform dient als Anlaufstelle zur au\u00dfergerichtlichen Beilegung von Streitigkeiten betreffend vertragliche Verpflichtungen, die aus Online-Kaufvertr\u00e4gen erwachsen. N\u00e4here Informationen sind unter dem folgenden Link verf\u00fcgbar: http:\/\/ec.europa.eu\/consumers\/odr. Zur Teilnahme an einem Streitbeilegungsverfahren vor einer Verbraucherschlichtungsstelle sind wir weder bereit noch verpflichtet.<\/li>\r\n<\/ul>\r\n<\/li>\r\n<\/ul>\r\n","protected":false},"excerpt":{"rendered":"<p>Allgemeine Gesch\u00e4ftsbedingungen (AGB) Allgemeine Gesch\u00e4ftsbedingungen GeltungsbereichF\u00fcr alle Lieferungen von Silany GmbH (nachfolgend Silany) an Verbraucher gelten diese Allgemeinen Gesch\u00e4ftsbedingungen (AGB).Verbraucher ist jede nat\u00fcrliche Person, die ein Rechtsgesch\u00e4ft zu einem Zwecke abschlie\u00dft, der \u00fcberwiegend weder ihrer gewerblichen noch ihrer selbstst\u00e4ndigen beruflichen T\u00e4tigkeit zugerechnet werden kann. VertragspartnerDer Kaufvertrag kommt zustande mit Silany GmbH, Breslauer Strasse 2, 85386 [&hellip;]<\/p>\n","protected":false},"author":1,"featured_media":0,"parent":0,"menu_order":0,"comment_status":"closed","ping_status":"closed","template":"","meta":[],"_links":{"self":[{"href":"https:\/\/maskeninlay.de\/index.php?rest_route=\/wp\/v2\/pages\/3"}],"collection":[{"href":"https:\/\/maskeninlay.de\/index.php?rest_route=\/wp\/v2\/pages"}],"about":[{"href":"https:\/\/maskeninlay.de\/index.php?rest_route=\/wp\/v2\/types\/page"}],"author":[{"embeddable":true,"href":"https:\/\/maskeninlay.de\/index.php?rest_route=\/wp\/v2\/users\/1"}],"replies":[{"embeddable":true,"href":"https:\/\/maskeninlay.de\/index.php?rest_route=%2Fwp%2Fv2%2Fcomments&post=3"}],"version-history":[{"count":5,"href":"https:\/\/maskeninlay.de\/index.php?rest_route=\/wp\/v2\/pages\/3\/revisions"}],"predecessor-version":[{"id":582,"href":"https:\/\/maskeninlay.de\/index.php?rest_route=\/wp\/v2\/pages\/3\/revisions\/582"}],"wp:attachment":[{"href":"https:\/\/maskeninlay.de\/index.php?rest_route=%2Fwp%2Fv2%2Fmedia&parent=3"}],"curies":[{"name":"wp","href":"https:\/\/api.w.org\/{rel}","templated":true}]}}