{"id":212,"date":"2016-07-01T09:50:55","date_gmt":"2016-07-01T09:50:55","guid":{"rendered":"http:\/\/ninetheme.com\/themes\/proland\/?page_id=209"},"modified":"2020-09-24T15:10:59","modified_gmt":"2020-09-24T13:10:59","slug":"homepage-woocommerce","status":"publish","type":"page","link":"https:\/\/maskeninlay.de\/","title":{"rendered":"Maskeninlay.de :: HOME ::"},"content":{"rendered":"<p>[vc_row][vc_column]<style scoped><\/style><section class=\"row the-product \"  id=\"the-product\" > <div class=\"container\"><div class=\"row section-header wow fadeInUp\"><h2>MASKENINLAY - DAS PRODUKT<\/h2><p>Wie funktioniert Masken Inlay? Masken Inlay wird mittels zweier Klebestreifen in die herk\u00f6mmliche Schutzmaske eingeklebt. Das Vlies bietet einen hohen Tragekomfort und erh\u00f6ht die Schutzwirkung.<\/p><\/div><div class=\"row apple-watch-note-feature text-center\"><img src=\"https:\/\/maskeninlay.de\/wp-content\/uploads\/2020\/07\/maskeninlay-2.jpg\" alt=\"Maskeninlay.de :: HOME ::\"><style>#first-product-popup { top:500px !important;  }@media (min-width: 767px) { #first-product-popup {   } }.feature-note .indicator .plus-icon .plus,\n            .feature-note .indicator .plus-icon:after,\n            .feature-note .feature-name:before,\n            .feature-note .feature-name:after { background :   !important ; }.feature-note .indicator .plus-icon:before { border-color :   !important ; }.feature-note { color :  !important ; }<\/style><div id=\"first-product-popup\" class=\"feature-note note-type-1 left bottom wow fadeInRight\"><div class=\"indicator\"><div class=\"plus-icon\"><span class=\"plus\">+<\/span><\/div><\/div><div class=\"feature-name\"><div class=\"feature-name-inner\">Klebestreifen<\/div><\/div><\/div><style>#second-product-popup { top:700px !important;  }@media (min-width: 767px) { #second-product-popup {   } }.feature-note .indicator .plus-icon .plus,\n            .feature-note .indicator .plus-icon:after,\n            .feature-note .feature-name:before,\n            .feature-note .feature-name:after { background :   !important ; }.feature-note .indicator .plus-icon:before { border-color :   !important ; }.feature-note { color :  !important ; }<\/style><div id=\"second-product-popup\" class=\"feature-note note-type-1 right top wow fadeInRight\"><div class=\"indicator\"><div class=\"plus-icon\"><span class=\"plus\">+<\/span><\/div><\/div><div class=\"feature-name\"><div class=\"feature-name-inner\">+ Silberbeschichtung<\/div><\/div><\/div><style>#fourth-product-popup { top:620px !important;  }@media (min-width: 767px) { #fourth-product-popup {   } }.feature-note .indicator .plus-icon .plus,\n            .feature-note .indicator .plus-icon:after,\n            .feature-note .feature-name:before,\n            .feature-note .feature-name:after { background :   !important ; }.feature-note .indicator .plus-icon:before { border-color :   !important ; }.feature-note { color :  !important ; }<\/style><div id=\"fourth-product-popup\" class=\"feature-note note-type-1 right bottom wow fadeInRight\"><div class=\"indicator\"><div class=\"plus-icon\"><span class=\"plus\">+<\/span><\/div><\/div><div class=\"feature-name\"><div class=\"feature-name-inner\">+ Vlies<\/div><\/div><\/div><\/div><\/div><\/section>[\/vc_column][\/vc_row][vc_row][vc_column]<style><\/style><section id=\"how-it-work-2\" class=\"row how-it-works \"><div class=\"container\"><div class=\"row section-header wow fadeInUp\"><h2>FUNKTIONSWEISE<\/h2><p>Schnell. Einfach. Komfortabel. So bringen Sie Masken Inlay an Ihre herk\u00f6mmliche Schutzmaske an:<\/p><\/div><div class=\"row work-processes\"><div class=\"col-sm-4 work-process wow fadeIn\" ><div class=\"row m0 process-icon\"><img alt=\"Maskeninlay.de :: HOME ::\" src=\"https:\/\/maskeninlay.de\/wp-content\/uploads\/2020\/07\/how-to-mask1.jpg\"><\/div><h3>Vorbereitung <\/h3><p>Waschen Sie Ihre H\u00e4nde und entfernen Sie die obere Schutzfolie des oberen und unteren Klebebands. <\/p><\/div><div class=\"col-sm-4 work-process wow fadeIn\" ><div class=\"row m0 process-icon\"><img alt=\"Maskeninlay.de :: HOME ::\" src=\"https:\/\/maskeninlay.de\/wp-content\/uploads\/2020\/07\/who-to-mask2.jpg\"><\/div><h3>Einkleben<\/h3><p>Legen Sie die Maske auf eine saubere Unterlage. Kleben Sie Masken Inlay mit den Klebestreifen oben und unten in die Maske. <\/p><\/div><div class=\"col-sm-4 work-process wow fadeIn\" ><div class=\"row m0 process-icon\"><img alt=\"Maskeninlay.de :: HOME ::\" src=\"https:\/\/maskeninlay.de\/wp-content\/uploads\/2020\/07\/mask_w_inlay.jpg\"><\/div><h3>Anbringen<\/h3><p>Achten Sie darauf, dass das Inlay eine deutliche W\u00f6lbung hat sonst l\u00e4sst dich die Maske nicht mehr dehnen. Fertig!<\/p><\/div><\/div><\/div><\/section>[\/vc_column][\/vc_row][vc_row][vc_column]<style><\/style><section id=\"features\" class=\"row the-benefits \"><div class=\"container\"><div class=\"row section-header wow fadeInUp\"><h2>DIE VORTEILE<\/h2><p>\u00dcberzeugen Sie sich selbst von den Vorteilen unseres Masken Inlay's:<\/p><\/div><div class=\"row benefit-notes\"><div class=\"col-md-4 col-sm-6 benefit wow fadeInUp\" ><div class=\"media\"><div class=\"media-left\"><span><i class=\"li_location\"><\/i><\/span><\/div><div class=\"media-body\"><h4>Verbesserte Schutzwirkung<\/h4><p>Die Schutzwirkung einer herk\u00f6mmlichen Schutzmaske wird gegen\u00fcber Partikeln und Tropfen in der Atemluft verbessert. <\/p><\/div><\/div><\/div><div class=\"col-md-4 col-sm-6 benefit wow fadeInUp\" ><div class=\"media\"><div class=\"media-left\"><span><i class=\"li_heart\"><\/i><\/span><\/div><div class=\"media-body\"><h4>Schnelle Anwendung <\/h4><p>Innerhalb weniger Sekunden haben Sie eine zus\u00e4tzliche Schutzwirkung Ihrer herk\u00f6mmlichen Maske. <\/p><\/div><\/div><\/div><div class=\"col-md-4 col-sm-6 benefit wow fadeInUp\" ><div class=\"media\"><div class=\"media-left\"><span><i class=\"li_lock\"><\/i><\/span><\/div><div class=\"media-body\"><h4>Silberbeschichtung <\/h4><p>Die Silberbeschichtung enth\u00e4lt zus\u00e4tzlich antimikrobielle Eigenschaften und ist patentiert. <\/p><\/div><\/div><\/div><\/div><\/div><\/section>[\/vc_column][\/vc_row][vc_row][vc_column]<style><\/style><section id=\"products\" class=\"row our-collection \"><div class=\"container\"><div class=\"row section-header wow fadeInUp\"><h2>JETZT KAUFEN<\/h2><p>Bestellen Sie noch heute Ihr Maskeninlay in einer unserer praktischen und marktgerechten Verpackungseinheiten.<\/p><\/div><div class=\"row collections\"><div class=\"col-sm-6 col-md-3 item wow fadeIn\" data-wow-delay=\"0.5s\" id=\"254\"><div class=\"row m0 featured-img\"><a  href=\"?add-to-cart=254\"><img width=\"300\" height=\"300\" src=\"https:\/\/maskeninlay.de\/wp-content\/uploads\/2016\/07\/maskeninlay-verpackung-1-300x300.jpg\" class=\"attachment-shop_catalog size-shop_catalog\" alt=\"maskeninlay-1\" loading=\"lazy\" srcset=\"https:\/\/maskeninlay.de\/wp-content\/uploads\/2016\/07\/maskeninlay-verpackung-1-300x300.jpg 300w, https:\/\/maskeninlay.de\/wp-content\/uploads\/2016\/07\/maskeninlay-verpackung-1-150x150.jpg 150w, https:\/\/maskeninlay.de\/wp-content\/uploads\/2016\/07\/maskeninlay-verpackung-1-650x650.jpg 650w, https:\/\/maskeninlay.de\/wp-content\/uploads\/2016\/07\/maskeninlay-verpackung-1-100x100.jpg 100w\" sizes=\"(max-width: 300px) 100vw, 300px\" \/><\/a><\/div><h4 class=\"title\">Maskeninlay mit Silberbeschichtung (5 Stk.)<\/h4><h5 class=\"category\"><p>Maskeninlay mit Silberbeschichtung<\/p>\n<\/h5><h4 class=\"price\"><span class=\"woocommerce-Price-amount amount\"><bdi><span class=\"woocommerce-Price-currencySymbol\">&euro;<\/span>8.90<\/bdi><\/span> <small class=\"woocommerce-price-suffix\">inkl. MwSt.<\/small><\/h4><a href=\"?add-to-cart=254\" class=\"btn\">In den Warenkorb<\/a><\/div><!-- end Product item \/- --><div class=\"col-sm-6 col-md-3 item wow fadeIn\" data-wow-delay=\"0.5s\" id=\"253\"><div class=\"row m0 featured-img\"><a  href=\"?add-to-cart=253\"><img width=\"300\" height=\"300\" src=\"https:\/\/maskeninlay.de\/wp-content\/uploads\/2016\/07\/maskeninlay-verpackung-1-300x300.jpg\" class=\"attachment-shop_catalog size-shop_catalog\" alt=\"maskeninlay-1\" loading=\"lazy\" srcset=\"https:\/\/maskeninlay.de\/wp-content\/uploads\/2016\/07\/maskeninlay-verpackung-1-300x300.jpg 300w, https:\/\/maskeninlay.de\/wp-content\/uploads\/2016\/07\/maskeninlay-verpackung-1-150x150.jpg 150w, https:\/\/maskeninlay.de\/wp-content\/uploads\/2016\/07\/maskeninlay-verpackung-1-650x650.jpg 650w, https:\/\/maskeninlay.de\/wp-content\/uploads\/2016\/07\/maskeninlay-verpackung-1-100x100.jpg 100w\" sizes=\"(max-width: 300px) 100vw, 300px\" \/><\/a><\/div><h4 class=\"title\">Maskeninlay ohne Silberbeschichtung (5 Stk.)<\/h4><h5 class=\"category\"><p>Maskeninlay ohne Silberbeschichtung<\/p>\n<\/h5><h4 class=\"price\"><span class=\"woocommerce-Price-amount amount\"><bdi><span class=\"woocommerce-Price-currencySymbol\">&euro;<\/span>5.20<\/bdi><\/span> <small class=\"woocommerce-price-suffix\">inkl. MwSt.<\/small><\/h4><a href=\"?add-to-cart=253\" class=\"btn\">In den Warenkorb<\/a><\/div><!-- end Product item \/- --><div class=\"col-sm-6 col-md-3 item wow fadeIn\" data-wow-delay=\"0.5s\" id=\"251\"><div class=\"row m0 featured-img\"><a  href=\"?add-to-cart=251\"><img width=\"300\" height=\"300\" src=\"https:\/\/maskeninlay.de\/wp-content\/uploads\/2016\/07\/maskeninlay-verpackung-1-300x300.jpg\" class=\"attachment-shop_catalog size-shop_catalog\" alt=\"maskeninlay-1\" loading=\"lazy\" srcset=\"https:\/\/maskeninlay.de\/wp-content\/uploads\/2016\/07\/maskeninlay-verpackung-1-300x300.jpg 300w, https:\/\/maskeninlay.de\/wp-content\/uploads\/2016\/07\/maskeninlay-verpackung-1-150x150.jpg 150w, https:\/\/maskeninlay.de\/wp-content\/uploads\/2016\/07\/maskeninlay-verpackung-1-650x650.jpg 650w, https:\/\/maskeninlay.de\/wp-content\/uploads\/2016\/07\/maskeninlay-verpackung-1-100x100.jpg 100w\" sizes=\"(max-width: 300px) 100vw, 300px\" \/><\/a><\/div><h4 class=\"title\">Maskeninlay ohne Silberbeschichtung (25 Stk.)<\/h4><h5 class=\"category\"><p>Maskeninlay ohne Silberbeschichtung<\/p>\n<\/h5><h4 class=\"price\"><span class=\"woocommerce-Price-amount amount\"><bdi><span class=\"woocommerce-Price-currencySymbol\">&euro;<\/span>23.90<\/bdi><\/span> <small class=\"woocommerce-price-suffix\">inkl. MwSt.<\/small><\/h4><a href=\"?add-to-cart=251\" class=\"btn\">In den Warenkorb<\/a><\/div><!-- end Product item \/- --><div class=\"col-sm-6 col-md-3 item wow fadeIn\" data-wow-delay=\"0.5s\" id=\"132\"><div class=\"row m0 featured-img\"><a  href=\"?add-to-cart=132\"><img width=\"300\" height=\"300\" src=\"https:\/\/maskeninlay.de\/wp-content\/uploads\/2016\/07\/maskeninlay-verpackung-1-300x300.jpg\" class=\"attachment-shop_catalog size-shop_catalog\" alt=\"maskeninlay-1\" loading=\"lazy\" srcset=\"https:\/\/maskeninlay.de\/wp-content\/uploads\/2016\/07\/maskeninlay-verpackung-1-300x300.jpg 300w, https:\/\/maskeninlay.de\/wp-content\/uploads\/2016\/07\/maskeninlay-verpackung-1-150x150.jpg 150w, https:\/\/maskeninlay.de\/wp-content\/uploads\/2016\/07\/maskeninlay-verpackung-1-650x650.jpg 650w, https:\/\/maskeninlay.de\/wp-content\/uploads\/2016\/07\/maskeninlay-verpackung-1-100x100.jpg 100w\" sizes=\"(max-width: 300px) 100vw, 300px\" \/><\/a><\/div><h4 class=\"title\">Maskeninlay mit Silberbeschichtung (25 Stk.)<\/h4><h5 class=\"category\"><p>Maskeninlay mit Silberbeschichtung<\/p>\n<\/h5><h4 class=\"price\"><span class=\"woocommerce-Price-amount amount\"><bdi><span class=\"woocommerce-Price-currencySymbol\">&euro;<\/span>39.90<\/bdi><\/span> <small class=\"woocommerce-price-suffix\">inkl. MwSt.<\/small><\/h4><a href=\"?add-to-cart=132\" class=\"btn\">In den Warenkorb<\/a><\/div><!-- end Product item \/- --><\/div><\/div><\/section>[\/vc_column][\/vc_row][vc_row][vc_column]<section id=\"the-inlay\" class=\"row the-watch \"><div class=\"container\"><div class=\"row\"> <div class=\"col-md-5 col-md-offset-1 text-center the-watch-img wow zoomIn\"><img src=\"https:\/\/maskeninlay.de\/wp-content\/uploads\/2020\/07\/group-w-mask.jpg\" alt=\"Maskeninlay mit Silberbeschichtung (25 Stk.)\" class=\"img-responsive\"><\/div><div class=\"col-md-6 the-watch-features\"><div class=\"row section-header v3 wow fadeIn\"><h2>MASKENINLAY<\/h2><p>Masken Inlay in K\u00fcrze:<\/p><\/div><ul class=\"nav\"><div class=\"media wow fadeInUp \"><li class=\"wow fadeIn\" data-wow-delay=\"0.2s\">Passend f\u00fcr alle g\u00e4ngigen Masken<\/li><div class=\"media wow fadeInUp \"><li class=\"wow fadeIn\" data-wow-delay=\"0.2s\">Einfache Befestigung durch Klebestreifen<\/li><div class=\"media wow fadeInUp \"><li class=\"wow fadeIn\" data-wow-delay=\"0.2s\">angenehmer Tragekomfort <\/li><div class=\"media wow fadeInUp \"><li class=\"wow fadeIn\" data-wow-delay=\"0.2s\">Durchg\u00e4ngig verwendbar bis zu 6 Stunden<\/li><div class=\"media wow fadeInUp \"><li class=\"wow fadeIn\" data-wow-delay=\"0.2s\">Patentiert <\/li> <\/ul><\/div><\/div><\/div><\/section>[\/vc_column][\/vc_row][vc_row][vc_column]<section id=\"split-section\" class=\"row split-columns \"><div class=\"row m0 split-column wow fadeIn\"><div class=\"col-sm-6 image text-right\"><img src=\"https:\/\/maskeninlay.de\/wp-content\/uploads\/2020\/07\/maskeninlay-2.jpg\" alt=\"Maskeninlay mit Silberbeschichtung (25 Stk.)\"><\/div><div class=\"col-sm-6 texts\"><div class=\"texts-inner row m0\"><h2>Tragedauer<\/h2><p>Eine normale Hygienemaske sollte nach etwa 2 Stunden gewechselt werden. Masken Inlay kann 6 Stunden durchg\u00e4ngig getragen werden. Unsere Empfehlung ist es, Masken Inlay nach dieser Zeitspanne zu wechseln. <\/p><\/div><\/div><\/div><div class=\"row m0 split-column wow fadeIn\"><div class=\"col-sm-6 col-sm-push-6 image\"><img src=\"https:\/\/maskeninlay.de\/wp-content\/uploads\/2020\/07\/maskeninlay-3.jpg\" alt=\"Maskeninlay mit Silberbeschichtung (25 Stk.)\"><\/div><div class=\"col-sm-6 col-sm-pull-6 texts\"><div class=\"texts-inner row m0\"><h2>Einwegmasken Anwendung <\/h2><p>Masken Inlay kann in alle herk\u00f6mmlichen Schutzmasken eingeklebt werden. F\u00fcr ein h\u00f6heres Sicherheitsgef\u00fchl und einem besseren Tragekomfort.\n <\/p><\/div><\/div><\/div><\/section>[\/vc_column][\/vc_row][vc_row][vc_column]<style><\/style><section id=\"faqs\" class=\"row the-benefits \"><div class=\"container\"><div class=\"row section-header wow fadeInUp\"><h2>FAQ<\/h2><p>Sie haben Fragen? Wir haben die Antworten<\/p><\/div><div class=\"row benefit-notes\"><div class=\"col-md-4 col-sm-6 benefit wow fadeInUp\" ><div class=\"media\"><div class=\"media-left\"><\/div><div class=\"media-body\"><h4>Was sind die Vorteile?<\/h4><p>Masken Inlay ist schnell an eine herk\u00f6mmliche Maske angebracht und bietet einen hohen Tragekomfort. Gleichzeitig hat Masken Inlay mit der Silberbeschichtung antimikrobielle Eigenschaften. <\/p><\/div><\/div><\/div><div class=\"col-md-4 col-sm-6 benefit wow fadeInUp\" ><div class=\"media\"><div class=\"media-left\"><span><i class=\"li_heart\"><\/i><\/span><\/div><div class=\"media-body\"><h4>Wie lange kann ich Masken Inlay tragen?<\/h4><p>Masken Inlay kann 6 Stunden durchg\u00e4ngig getragen werden. Auch Unterbrechungen innerhalb der Tragedauer sind m\u00f6glich ohne die Schutzintensit\u00e4t zu verlieren. <\/p><\/div><\/div><\/div><div class=\"col-md-4 col-sm-6 benefit wow fadeInUp\" ><div class=\"media\"><div class=\"media-left\"><span><i class=\"li_lock\"><\/i><\/span><\/div><div class=\"media-body\"><h4>Welche Masken funktionieren mit Masken Inlay?<\/h4><p>Alle herk\u00f6mmlichen Mund-Nase-Masken, Einwegmasken respektive Consumer Schutzmasken. Masken Inlay funktioniert bei allen herk\u00f6mmlichen Schutzmasken und ist variabel einsetzbar. <\/p><\/div><\/div><\/div><\/div><\/div><\/section>[\/vc_column][\/vc_row][vc_row el_id=&#8220;contact-main&#8220;][vc_column width=&#8220;1\/3&#8243;][\/vc_column][vc_column width=&#8220;1\/3&#8243; el_id=&#8220;contact-mi&#8220;]<div role=\"form\" class=\"wpcf7\" id=\"wpcf7-f123-o1\" lang=\"en-US\" dir=\"ltr\">\n<div class=\"screen-reader-response\" role=\"alert\" aria-live=\"polite\"><\/div>\n<form action=\"\/index.php?rest_route=%2Fwp%2Fv2%2Fpages%2F212#wpcf7-f123-o1\" method=\"post\" class=\"wpcf7-form init\" novalidate=\"novalidate\">\n<div style=\"display: none;\">\n<input type=\"hidden\" name=\"_wpcf7\" value=\"123\" \/>\n<input type=\"hidden\" name=\"_wpcf7_version\" value=\"5.2.2\" \/>\n<input type=\"hidden\" name=\"_wpcf7_locale\" value=\"en_US\" \/>\n<input type=\"hidden\" name=\"_wpcf7_unit_tag\" value=\"wpcf7-f123-o1\" \/>\n<input type=\"hidden\" name=\"_wpcf7_container_post\" value=\"0\" \/>\n<input type=\"hidden\" name=\"_wpcf7_posted_data_hash\" value=\"\" \/>\n<\/div>\n<div class=\"row\">\n<div class=\"form-group col-sm-6\">\n\t\t<span class=\"wpcf7-form-control-wrap text-165\"><input type=\"text\" name=\"text-165\" value=\"\" size=\"40\" class=\"wpcf7-form-control wpcf7-text wpcf7-validates-as-required form-control\" aria-required=\"true\" aria-invalid=\"false\" placeholder=\"Name\" \/><\/span>\n\t<\/div>\n<div class=\"form-group col-sm-6\">\n\t\t<span class=\"wpcf7-form-control-wrap email-0\"><input type=\"email\" name=\"email-0\" value=\"\" size=\"40\" class=\"wpcf7-form-control wpcf7-text wpcf7-email wpcf7-validates-as-required wpcf7-validates-as-email form-control\" aria-required=\"true\" aria-invalid=\"false\" placeholder=\"E-mail Adresse\" \/><\/span>\n\t<\/div>\n<\/div>\n<div class=\"form-group\">\n\t<span class=\"wpcf7-form-control-wrap text-166\"><input type=\"text\" name=\"text-166\" value=\"\" size=\"40\" class=\"wpcf7-form-control wpcf7-text wpcf7-validates-as-required form-control\" aria-required=\"true\" aria-invalid=\"false\" placeholder=\"Betreff\" \/><\/span>\n<\/div>\n<div class=\"form-group\">\n\t<span class=\"wpcf7-form-control-wrap textarea-148\"><textarea name=\"textarea-148\" cols=\"40\" rows=\"10\" class=\"wpcf7-form-control wpcf7-textarea wpcf7-validates-as-required form-control\" aria-required=\"true\" aria-invalid=\"false\">Ihre Nachricht<\/textarea><\/span>\n<\/div>\n<p><input type=\"submit\" value=\"Nachricht senden\" class=\"wpcf7-form-control wpcf7-submit btn btn-block\" id=\"js-contact-btn\" \/><\/p>\n<div class=\"wpcf7-response-output\" role=\"alert\" aria-hidden=\"true\"><\/div><\/form><\/div>[\/vc_column][vc_column width=&#8220;1\/3&#8243;][\/vc_column][\/vc_row]<\/p>\n","protected":false},"excerpt":{"rendered":"<p>[vc_row][vc_column][\/vc_column][\/vc_row][vc_row][vc_column][\/vc_column][\/vc_row][vc_row][vc_column][\/vc_column][\/vc_row][vc_row][vc_column][\/vc_column][\/vc_row][vc_row][vc_column][\/vc_column][\/vc_row][vc_row][vc_column][\/vc_column][\/vc_row][vc_row][vc_column][\/vc_column][\/vc_row][vc_row el_id=&#8220;contact-main&#8220;][vc_column width=&#8220;1\/3&#8243;][\/vc_column][vc_column width=&#8220;1\/3&#8243; el_id=&#8220;contact-mi&#8220;][\/vc_column][vc_column width=&#8220;1\/3&#8243;][\/vc_column][\/vc_row]<\/p>\n","protected":false},"author":1,"featured_media":0,"parent":0,"menu_order":0,"comment_status":"closed","ping_status":"closed","template":"unlimited-page.php","meta":[],"_links":{"self":[{"href":"https:\/\/maskeninlay.de\/index.php?rest_route=\/wp\/v2\/pages\/212"}],"collection":[{"href":"https:\/\/maskeninlay.de\/index.php?rest_route=\/wp\/v2\/pages"}],"about":[{"href":"https:\/\/maskeninlay.de\/index.php?rest_route=\/wp\/v2\/types\/page"}],"author":[{"embeddable":true,"href":"https:\/\/maskeninlay.de\/index.php?rest_route=\/wp\/v2\/users\/1"}],"replies":[{"embeddable":true,"href":"https:\/\/maskeninlay.de\/index.php?rest_route=%2Fwp%2Fv2%2Fcomments&post=212"}],"version-history":[{"count":65,"href":"https:\/\/maskeninlay.de\/index.php?rest_route=\/wp\/v2\/pages\/212\/revisions"}],"predecessor-version":[{"id":599,"href":"https:\/\/maskeninlay.de\/index.php?rest_route=\/wp\/v2\/pages\/212\/revisions\/599"}],"wp:attachment":[{"href":"https:\/\/maskeninlay.de\/index.php?rest_route=%2Fwp%2Fv2%2Fmedia&parent=212"}],"curies":[{"name":"wp","href":"https:\/\/api.w.org\/{rel}","templated":true}]}}