{"id":2,"date":"2020-06-28T09:59:53","date_gmt":"2020-06-28T07:59:53","guid":{"rendered":"https:\/\/maskeninlay.de\/?page_id=2"},"modified":"2020-09-23T10:18:19","modified_gmt":"2020-09-23T08:18:19","slug":"beispiel-seite-2","status":"publish","type":"page","link":"https:\/\/maskeninlay.de\/?page_id=2","title":{"rendered":"Impressum"},"content":{"rendered":"<div class=\"post-heading\">\n<p>Impressum:<\/p>\n<p>Silany GmbH<br \/>\nBreslauer Strasse 2<br \/>\nD \u2013 85386 Eching<\/p>\n<p>UST.ID-Nr.: DE 812 587 849<\/p>\n<p>Handelsregister: HRB 150797<br \/>\nAmtsgericht M\u00fcnchen<\/p>\n<p><strong>Gesch\u00e4ftsf\u00fchrer: <\/strong>Prof. Dr. Stefan Seeger<\/p>\n<h2>Contact<\/h2>\n<p>Telefon: +49 89\u00a0 319 048 55<br \/>\nE-mail: <a href=\"mailto:info@silany.com\">info@silany.com<\/a><\/p>\n<p>&nbsp;<\/p>\n<p>Plattform der EU-Kommission zur Online-Streitbeilegung:<\/p>\n<p><u><a href=\"https:\/\/ec.europa.eu\/consumers\/odr\">https:\/\/ec.europa.eu\/consumers\/odr<\/a><\/u><br \/>\nWir sind zur Teilnahme an einem Streitbeilegungsverfahren vor einer Verbraucherschlichtungsstelle weder verpflichtet noch bereit.<\/p>\n<\/div>\n","protected":false},"excerpt":{"rendered":"<p>Impressum: Silany GmbH Breslauer Strasse 2 D \u2013 85386 Eching UST.ID-Nr.: DE 812 587 849 Handelsregister: HRB 150797 Amtsgericht M\u00fcnchen Gesch\u00e4ftsf\u00fchrer: Prof. Dr. Stefan Seeger Contact Telefon: +49 89\u00a0 319 048 55 E-mail: info@silany.com &nbsp; Plattform der EU-Kommission zur Online-Streitbeilegung: https:\/\/ec.europa.eu\/consumers\/odr Wir sind zur Teilnahme an einem Streitbeilegungsverfahren vor einer Verbraucherschlichtungsstelle weder verpflichtet noch bereit.<\/p>\n","protected":false},"author":1,"featured_media":0,"parent":0,"menu_order":0,"comment_status":"closed","ping_status":"open","template":"","meta":[],"_links":{"self":[{"href":"https:\/\/maskeninlay.de\/index.php?rest_route=\/wp\/v2\/pages\/2"}],"collection":[{"href":"https:\/\/maskeninlay.de\/index.php?rest_route=\/wp\/v2\/pages"}],"about":[{"href":"https:\/\/maskeninlay.de\/index.php?rest_route=\/wp\/v2\/types\/page"}],"author":[{"embeddable":true,"href":"https:\/\/maskeninlay.de\/index.php?rest_route=\/wp\/v2\/users\/1"}],"replies":[{"embeddable":true,"href":"https:\/\/maskeninlay.de\/index.php?rest_route=%2Fwp%2Fv2%2Fcomments&post=2"}],"version-history":[{"count":4,"href":"https:\/\/maskeninlay.de\/index.php?rest_route=\/wp\/v2\/pages\/2\/revisions"}],"predecessor-version":[{"id":586,"href":"https:\/\/maskeninlay.de\/index.php?rest_route=\/wp\/v2\/pages\/2\/revisions\/586"}],"wp:attachment":[{"href":"https:\/\/maskeninlay.de\/index.php?rest_route=%2Fwp%2Fv2%2Fmedia&parent=2"}],"curies":[{"name":"wp","href":"https:\/\/api.w.org\/{rel}","templated":true}]}}